{"id":890,"date":"2019-10-28T18:04:01","date_gmt":"2019-10-28T17:04:01","guid":{"rendered":"https:\/\/www.aubergeducoqenpate.fr\/?page_id=890"},"modified":"2020-09-07T15:53:54","modified_gmt":"2020-09-07T13:53:54","slug":"livre-dor","status":"publish","type":"page","link":"https:\/\/www.aubergeducoqenpate.fr\/index.php\/livre-dor\/","title":{"rendered":"Livre d&rsquo;or"},"content":{"rendered":"\n<script src=\"https:\/\/cdn1.mariages.net\/js\/wp-widget.js?nossl-sf-sui-20200902-10FR48-1_www_m_\"><\/script>\n<div id=\"wp-widget-reviews\">\n    <div id=\"wp-widget-preview\">\n        Lire  <a href=\"https:\/\/www.mariages.net\/salle-mariage\/le-coq-en-pate--e158974\/avis\">nos avis<\/a> \u00e0 &nbsp;\n        <a href='https:\/\/www.mariages.net'>\n            <img src=\"https:\/\/cdn1.mariages.net\/assets\/img\/logos\/gen_logoHeader.svg\" height=\"20\">\n        <\/a>\n    <\/div>\n<\/div>\n<script>wpShowReviews(158974, \"red\");<\/script> \n\n\n\n<p><strong>J\u00e9rome<\/strong><br><em>Nous avons pass\u00e9 une tr\u00e8s agr\u00e9able journ\u00e9e. La salle est tr\u00e8s bien \u00e9quip\u00e9e et tr\u00e8s belle. Merci <\/em><\/p>\n\n\n\n<p><strong>Camille, Jeanne, Martine et Eric<\/strong><br><em>Merci \u00e0 vous, cette soir\u00e9e a pu \u00eatre r\u00e9alis\u00e9e dans un endroit magnifique. Tout le monde a pass\u00e9 un superbe moment.<\/em><\/p>\n\n\n\n<p><strong>Paul<\/strong><br><em>Merci Florence et Bruno pour votre accueil et votre confiance.<br>Nous avons pass\u00e9 un tr\u00e8s agr\u00e9able moment en famille gr<\/em>\u00e2<em>ce \u00e0 votre complicit\u00e9.<br>Merci de tout coeur<\/em><\/p>\n\n\n\n<p><strong>Marie, Christophe et Alyssia<\/strong><br><em>Merci \u00e0 vous de nous avoir permis de passer une super soir\u00e9e pour les 18 ans de notre fille.<br>Tout le monde a pass\u00e9 un agr\u00e9able moment.<br>Merci encore \u00e0 vous.<\/em><\/p>\n\n\n\n<p><strong>Lili et Seb<\/strong><br><em>Merci \u00e0 vous Florence et Bruno pour cette soir\u00e9e inoubliable et ces moments magiques.<br>Nous avons tous pass\u00e9 une super journ\u00e9e dans cette salle magnifique.<\/em><\/p>\n\n\n\n<p><strong>Anne<\/strong><br><em>Ce bel endroit o\u00f9 j&rsquo;aime \u00eatre&#8230; Merci !!!<br>Bonne ann\u00e9e<\/em><\/p>\n\n\n\n<p><strong>Diana et Cyril<\/strong><br><em>Merci pour votre accueil. Superbe salle. Les 25 ans de mariage ont \u00e9t\u00e9 vraiment r\u00e9ussis !<\/em><\/p>\n\n\n\n<p><strong>Val\u00e9rie et Julien <\/strong><br><em>Merci beaucoup pour votre accueil, votre salle, un lieu superbe pour notre mariage ! Tout \u00e9tait dans le th\u00e8me ! Que de compliments des invit\u00e9s ! On vous souhaite une bonne continuation et beaucoup de joie pour tous les autres clients. Merci encore !!!<\/em><\/p>\n\n\n\n<p><strong>Michel et Nicole<\/strong><br><em>Ce n&rsquo;est pas qu&rsquo;un merci, mais MILLE MERCIS ! Ce fut une f\u00eate qui restera dans nos m\u00e9moires.<\/em><\/p>\n\n\n\n<p><strong>Laure-Elise <\/strong><br><em>Superbe soir\u00e9e ! Merci de votre disponibilit\u00e9<\/em><\/p>\n\n\n\n<p><strong>Thomas, Marl\u00e8ne, Lenzo et Tim <\/strong><br><em>Merci Florence et Bruno. Mariage et bapt\u00eame, rien que du bonheur !<\/em><\/p>\n","protected":false},"excerpt":{"rendered":"<p>Lire nos avis \u00e0 &nbsp; J\u00e9romeNous avons pass\u00e9 une tr\u00e8s agr\u00e9able journ\u00e9e. La salle est tr\u00e8s bien \u00e9quip\u00e9e et tr\u00e8s belle. Merci Camille, Jeanne, Martine et EricMerci \u00e0 vous, cette soir\u00e9e a pu \u00eatre r\u00e9alis\u00e9e dans un endroit magnifique. Tout le monde a pass\u00e9 un superbe moment. PaulMerci Florence et Bruno pour votre accueil et &hellip;<\/p>\n<p class=\"read-more\"> <a class=\"\" href=\"https:\/\/www.aubergeducoqenpate.fr\/index.php\/livre-dor\/\"> <span class=\"screen-reader-text\">Livre d&rsquo;or<\/span> Lire la suite\u00a0\u00bb<\/a><\/p>\n","protected":false},"author":1,"featured_media":0,"parent":0,"menu_order":0,"comment_status":"closed","ping_status":"closed","template":"","meta":[],"_links":{"self":[{"href":"https:\/\/www.aubergeducoqenpate.fr\/index.php\/wp-json\/wp\/v2\/pages\/890"}],"collection":[{"href":"https:\/\/www.aubergeducoqenpate.fr\/index.php\/wp-json\/wp\/v2\/pages"}],"about":[{"href":"https:\/\/www.aubergeducoqenpate.fr\/index.php\/wp-json\/wp\/v2\/types\/page"}],"author":[{"embeddable":true,"href":"https:\/\/www.aubergeducoqenpate.fr\/index.php\/wp-json\/wp\/v2\/users\/1"}],"replies":[{"embeddable":true,"href":"https:\/\/www.aubergeducoqenpate.fr\/index.php\/wp-json\/wp\/v2\/comments?post=890"}],"version-history":[{"count":15,"href":"https:\/\/www.aubergeducoqenpate.fr\/index.php\/wp-json\/wp\/v2\/pages\/890\/revisions"}],"predecessor-version":[{"id":954,"href":"https:\/\/www.aubergeducoqenpate.fr\/index.php\/wp-json\/wp\/v2\/pages\/890\/revisions\/954"}],"wp:attachment":[{"href":"https:\/\/www.aubergeducoqenpate.fr\/index.php\/wp-json\/wp\/v2\/media?parent=890"}],"curies":[{"name":"wp","href":"https:\/\/api.w.org\/{rel}","templated":true}]}}