{"id":144,"date":"2019-01-15T09:00:08","date_gmt":"2019-01-15T08:00:08","guid":{"rendered":"http:\/\/www.aubergeducoqenpate.fr\/?page_id=144"},"modified":"2020-01-10T17:32:14","modified_gmt":"2020-01-10T16:32:14","slug":"les-exterieurs","status":"publish","type":"page","link":"https:\/\/www.aubergeducoqenpate.fr\/index.php\/les-exterieurs\/","title":{"rendered":"Les ext\u00e9rieurs"},"content":{"rendered":"\n<p>Une  chemin dall\u00e9, un coq hardi sur un puits marbr\u00e9, l&rsquo;ocre des murs et les fen\u00eatres blanchies, un grenier coiff\u00e9 de vieilles ardoises &#8230; <\/p>\n\n\n<div class=\"foogallery foogallery-container foogallery-justified foogallery-lightbox-foobox fg-justified fg-light fg-border-thin fg-loading-dots fg-loaded-fade-in fg-hover-instant fg-hover-zoom3\" id=\"foogallery-gallery-373\" data-foogallery=\"{&quot;item&quot;:{&quot;showCaptionTitle&quot;:true,&quot;showCaptionDescription&quot;:true},&quot;lazy&quot;:true,&quot;src&quot;:&quot;data-src-fg&quot;,&quot;srcset&quot;:&quot;data-srcset-fg&quot;,&quot;template&quot;:{&quot;rowHeight&quot;:250,&quot;maxRowHeight&quot;:&quot;200%&quot;,&quot;margins&quot;:0,&quot;lastRow&quot;:&quot;center&quot;}}\" data-fg-common-fields=\"1\" >\r\n\t<div class=\"fg-item\"><figure class=\"fg-item-inner\"><a href=\"https:\/\/www.aubergeducoqenpate.fr\/wp-content\/uploads\/2019\/10\/deco-entree.jpg\" data-caption-title=\"deco-entree\" data-attachment-id=\"807\" class=\"fg-thumb\"><span class=\"fg-image-wrap\"><img height=\"250\" width=\"167\" data-src-fg=\"https:\/\/www.aubergeducoqenpate.fr\/wp-content\/uploads\/cache\/2019\/10\/deco-entree\/-351644340.jpg\" class=\"fg-image\" \/><\/span><\/a><figcaption class=\"fg-caption\"><div class=\"fg-caption-inner\"><div class=\"fg-caption-title\">deco-entree<\/div><\/div><\/figcaption><\/figure><div class=\"fg-loader\"><\/div><\/div><div class=\"fg-item\"><figure class=\"fg-item-inner\"><a href=\"https:\/\/www.aubergeducoqenpate.fr\/wp-content\/uploads\/2019\/02\/ext6.jpg\" data-caption-title=\"Chemin dall\u00e9 du coq en p\u00e2te\" data-attachment-id=\"375\" class=\"fg-thumb\"><span class=\"fg-image-wrap\"><img alt=\"Chemin dall\u00e9 du coq en p\u00e2te\" title=\"Chemin dall\u00e9 du coq en p\u00e2te\" height=\"250\" width=\"167\" data-src-fg=\"https:\/\/www.aubergeducoqenpate.fr\/wp-content\/uploads\/cache\/2019\/02\/ext6\/741036692.jpg\" class=\"fg-image\" \/><\/span><\/a><figcaption class=\"fg-caption\"><div class=\"fg-caption-inner\"><div class=\"fg-caption-title\">Chemin dall\u00e9 du coq en p\u00e2te<\/div><\/div><\/figcaption><\/figure><div class=\"fg-loader\"><\/div><\/div><div class=\"fg-item\"><figure class=\"fg-item-inner\"><a href=\"https:\/\/www.aubergeducoqenpate.fr\/wp-content\/uploads\/2019\/02\/ext7-e1549185673567.jpg\" data-caption-title=\"Le coq sur le puits du coq en p\u00e2te\" data-attachment-id=\"341\" class=\"fg-thumb\"><span class=\"fg-image-wrap\"><img alt=\"Le coq sur le puits du coq en p\u00e2te\" title=\"Le coq sur le puits du coq en p\u00e2te\" height=\"250\" width=\"167\" data-src-fg=\"https:\/\/www.aubergeducoqenpate.fr\/wp-content\/uploads\/cache\/2019\/02\/ext7-e1549185673567\/-1341664146.jpg\" class=\"fg-image\" \/><\/span><\/a><figcaption class=\"fg-caption\"><div class=\"fg-caption-inner\"><div class=\"fg-caption-title\">Le coq sur le puits du coq en p\u00e2te<\/div><\/div><\/figcaption><\/figure><div class=\"fg-loader\"><\/div><\/div><div class=\"fg-item\"><figure class=\"fg-item-inner\"><a href=\"https:\/\/www.aubergeducoqenpate.fr\/wp-content\/uploads\/2019\/01\/fleurs-e1549190346816.jpeg\" data-caption-title=\"coq sur le puits\" data-attachment-id=\"178\" class=\"fg-thumb\"><span class=\"fg-image-wrap\"><img height=\"250\" width=\"155\" data-src-fg=\"https:\/\/www.aubergeducoqenpate.fr\/wp-content\/uploads\/cache\/2019\/01\/fleurs-e1549190346816\/1888981635.jpeg\" class=\"fg-image\" \/><\/span><\/a><figcaption class=\"fg-caption\"><div class=\"fg-caption-inner\"><div class=\"fg-caption-title\">coq sur le puits<\/div><\/div><\/figcaption><\/figure><div class=\"fg-loader\"><\/div><\/div><div class=\"fg-item\"><figure class=\"fg-item-inner\"><a href=\"https:\/\/www.aubergeducoqenpate.fr\/wp-content\/uploads\/2019\/05\/coqenpatereflet.jpg\" data-caption-title=\"coqenpatereflet\" data-attachment-id=\"744\" class=\"fg-thumb\"><span class=\"fg-image-wrap\"><img height=\"250\" width=\"213\" data-src-fg=\"https:\/\/www.aubergeducoqenpate.fr\/wp-content\/uploads\/cache\/2019\/05\/coqenpatereflet\/-445433292.jpg\" class=\"fg-image\" \/><\/span><\/a><figcaption class=\"fg-caption\"><div class=\"fg-caption-inner\"><div class=\"fg-caption-title\">coqenpatereflet<\/div><\/div><\/figcaption><\/figure><div class=\"fg-loader\"><\/div><\/div><div class=\"fg-item\"><figure class=\"fg-item-inner\"><a href=\"https:\/\/www.aubergeducoqenpate.fr\/wp-content\/uploads\/2019\/05\/coqenpateentree.jpg\" data-caption-title=\"coqenpateentree\" data-attachment-id=\"742\" class=\"fg-thumb\"><span class=\"fg-image-wrap\"><img height=\"250\" width=\"479\" data-src-fg=\"https:\/\/www.aubergeducoqenpate.fr\/wp-content\/uploads\/cache\/2019\/05\/coqenpateentree\/-1423441075.jpg\" class=\"fg-image\" \/><\/span><\/a><figcaption class=\"fg-caption\"><div class=\"fg-caption-inner\"><div class=\"fg-caption-title\">coqenpateentree<\/div><\/div><\/figcaption><\/figure><div class=\"fg-loader\"><\/div><\/div><\/div>\r\n\n\n\n\n<p><\/p>\n\n\n\n<p>Bord\u00e9e de soleil, la grande cour offre un espace privil\u00e9gi\u00e9 pour les vins d&rsquo;honneur ou les cocktails. Nous mettons \u00e0 votre disposition du mobilier ext\u00e9rieur : tables et chaises de jardin et trois grands stores. Un grand parking priv\u00e9 permet d&rsquo;accueillir vos convives.<\/p>\n\n\n\n<div class=\"wp-block-image\"><figure class=\"aligncenter is-resized\"><img loading=\"lazy\" src=\"http:\/\/www.aubergeducoqenpate.fr\/wp-content\/uploads\/2019\/01\/cour-1024x683.jpg\" alt=\"Cour de l'auberge du coq en p\u00e2te\" class=\"wp-image-16\" width=\"768\" height=\"512\" srcset=\"https:\/\/www.aubergeducoqenpate.fr\/wp-content\/uploads\/2019\/01\/cour-1024x683.jpg 1024w, https:\/\/www.aubergeducoqenpate.fr\/wp-content\/uploads\/2019\/01\/cour-300x200.jpg 300w, https:\/\/www.aubergeducoqenpate.fr\/wp-content\/uploads\/2019\/01\/cour-768x512.jpg 768w, https:\/\/www.aubergeducoqenpate.fr\/wp-content\/uploads\/2019\/01\/cour.jpg 1134w\" sizes=\"(max-width: 768px) 100vw, 768px\" \/><\/figure><\/div>\n\n\n\n<div class=\"wp-block-image\"><figure class=\"aligncenter is-resized\"><img loading=\"lazy\" src=\"https:\/\/www.aubergeducoqenpate.fr\/wp-content\/uploads\/2019\/10\/parking.jpg\" alt=\"parking coq en pate\" class=\"wp-image-870\" width=\"768\" height=\"512\" srcset=\"https:\/\/www.aubergeducoqenpate.fr\/wp-content\/uploads\/2019\/10\/parking.jpg 1000w, https:\/\/www.aubergeducoqenpate.fr\/wp-content\/uploads\/2019\/10\/parking-300x200.jpg 300w, https:\/\/www.aubergeducoqenpate.fr\/wp-content\/uploads\/2019\/10\/parking-768x512.jpg 768w\" sizes=\"(max-width: 768px) 100vw, 768px\" \/><\/figure><\/div>\n\n\n\n<p><\/p>\n","protected":false},"excerpt":{"rendered":"<p>Une chemin dall\u00e9, un coq hardi sur un puits marbr\u00e9, l&rsquo;ocre des murs et les fen\u00eatres blanchies, un grenier coiff\u00e9 de vieilles ardoises &#8230; Bord\u00e9e de soleil, la grande cour offre un espace privil\u00e9gi\u00e9 pour les vins d&rsquo;honneur ou les cocktails. Nous mettons \u00e0 votre disposition du mobilier ext\u00e9rieur : tables et chaises de jardin &hellip;<\/p>\n<p class=\"read-more\"> <a class=\"\" href=\"https:\/\/www.aubergeducoqenpate.fr\/index.php\/les-exterieurs\/\"> <span class=\"screen-reader-text\">Les ext\u00e9rieurs<\/span> Lire la suite\u00a0\u00bb<\/a><\/p>\n","protected":false},"author":1,"featured_media":0,"parent":0,"menu_order":0,"comment_status":"closed","ping_status":"closed","template":"","meta":[],"_links":{"self":[{"href":"https:\/\/www.aubergeducoqenpate.fr\/index.php\/wp-json\/wp\/v2\/pages\/144"}],"collection":[{"href":"https:\/\/www.aubergeducoqenpate.fr\/index.php\/wp-json\/wp\/v2\/pages"}],"about":[{"href":"https:\/\/www.aubergeducoqenpate.fr\/index.php\/wp-json\/wp\/v2\/types\/page"}],"author":[{"embeddable":true,"href":"https:\/\/www.aubergeducoqenpate.fr\/index.php\/wp-json\/wp\/v2\/users\/1"}],"replies":[{"embeddable":true,"href":"https:\/\/www.aubergeducoqenpate.fr\/index.php\/wp-json\/wp\/v2\/comments?post=144"}],"version-history":[{"count":15,"href":"https:\/\/www.aubergeducoqenpate.fr\/index.php\/wp-json\/wp\/v2\/pages\/144\/revisions"}],"predecessor-version":[{"id":922,"href":"https:\/\/www.aubergeducoqenpate.fr\/index.php\/wp-json\/wp\/v2\/pages\/144\/revisions\/922"}],"wp:attachment":[{"href":"https:\/\/www.aubergeducoqenpate.fr\/index.php\/wp-json\/wp\/v2\/media?parent=144"}],"curies":[{"name":"wp","href":"https:\/\/api.w.org\/{rel}","templated":true}]}}